{"id":331,"date":"2026-03-11T17:07:37","date_gmt":"2026-03-11T17:07:37","guid":{"rendered":"https:\/\/www.galgehoej.dk\/?page_id=331"},"modified":"2026-03-12T02:43:26","modified_gmt":"2026-03-12T01:43:26","slug":"regler-for-brug-af-discord-server-laes-mig","status":"publish","type":"page","link":"https:\/\/www.galgehoej.dk\/index.php\/regler-for-brug-af-discord-server-laes-mig\/","title":{"rendered":"regler for brug af discord server (l\u00e6s mig)"},"content":{"rendered":"\n<div class=\"wp-block-group is-vertical is-layout-flex wp-container-core-group-is-layout-8cf370e7 wp-block-group-is-layout-flex\">\n<div class=\"wp-block-group\"><div class=\"wp-block-group__inner-container is-layout-constrained wp-block-group-is-layout-constrained\"><div class=\"wp-block-image\">\n<figure class=\"alignleft size-full is-resized\"><img loading=\"lazy\" decoding=\"async\" width=\"1024\" height=\"1024\" src=\"https:\/\/www.galgehoej.dk\/wp-content\/uploads\/2026\/03\/Root_new2_1_hvid.png\" alt=\"\" class=\"wp-image-276\" style=\"width:101px;height:auto\" srcset=\"https:\/\/www.galgehoej.dk\/wp-content\/uploads\/2026\/03\/Root_new2_1_hvid.png 1024w, https:\/\/www.galgehoej.dk\/wp-content\/uploads\/2026\/03\/Root_new2_1_hvid-300x300.png 300w, https:\/\/www.galgehoej.dk\/wp-content\/uploads\/2026\/03\/Root_new2_1_hvid-150x150.png 150w, https:\/\/www.galgehoej.dk\/wp-content\/uploads\/2026\/03\/Root_new2_1_hvid-768x768.png 768w, https:\/\/www.galgehoej.dk\/wp-content\/uploads\/2026\/03\/Root_new2_1_hvid-600x600.png 600w\" sizes=\"auto, (max-width: 1024px) 100vw, 1024px\" \/><\/figure>\n<\/div>\n\n\n<p><strong>discord regler<\/strong>:<\/p>\n<\/div><\/div>\n\n\n\n<div class=\"wp-block-group is-vertical is-layout-flex wp-container-core-group-is-layout-8cf370e7 wp-block-group-is-layout-flex\">\n<div class=\"wp-block-columns is-layout-flex wp-container-core-columns-is-layout-9d6595d7 wp-block-columns-is-layout-flex\">\n<div class=\"wp-block-column is-layout-flow wp-block-column-is-layout-flow\" style=\"flex-basis:100%\">\n<div class=\"wp-block-group is-vertical is-layout-flex wp-container-core-group-is-layout-8cf370e7 wp-block-group-is-layout-flex\">\n<p class=\"has-text-align-left\">1: Brug din sunde fornuft<\/p>\n\n\n\n<p class=\"has-text-align-left\">2: Tal P\u00e6nt (hold den gode tone)<\/p>\n\n\n\n<p class=\"has-text-align-left\">3: St\u00f8dende, Perverse og offensive brugernavne er IKKE tilladt.<\/p>\n\n\n\n<p class=\"has-text-align-left\">4: St\u00f8dende og pornografiske billeder er IKKE tilladt uden<\/p>\n\n\n\n<p class=\"has-text-align-left\">5: Ingen chat\/mic spam og hoppen fra kanal til kanal.<\/p>\n\n\n\n<p class=\"has-text-align-left\">6: Reklame for andre discord-servere eller tjenester er IKKE tilladt. (ogs\u00e5 i Pb til tilf\u00e6ldige personer)<\/p>\n\n\n\n<p class=\"has-text-align-left\">7: Det er IKKE tilladt at dele personlige oplysninger.<\/p>\n\n\n\n<p class=\"has-text-align-left\">8: Det er p\u00e5 ingen m\u00e5de tilladt at bruge hacks, cheats, scripts eller lignende. Hvis dette sker er det direkte ban fra serveren<\/p>\n\n\n\n<p class=\"has-text-align-left\">9: Det er p\u00e5 ingen m\u00e5de tiladt at mobbe andre.<\/p>\n\n\n\n<p class=\"has-text-align-left\">10: Ingen grief eller toxic adf\u00e6rd over for dine medspillere.<\/p>\n\n\n\n<p class=\"has-text-align-left\">11: Alt IKKE GAMING relateret, skal foreg\u00e5 i snakkehj\u00f8rnet<\/p>\n\n\n\n<p class=\"has-text-align-left\">12: Der m\u00e5 gerne snakkes om stoffer s\u00e5 l\u00e6nge der ikke opfordres til at indtage dem.<\/p>\n\n\n\n<p class=\"has-text-align-left\">13: Kommer der indberettelser ang. scam af skins eller andet, er det direkte ban.<\/p>\n<\/div>\n<\/div>\n<\/div>\n\n\n\n<p>&#8212;&#8212;&#8212;&#8212;&#8212;&#8212;&#8212;&#8212;&#8212;&#8212;&#8212;&#8212;&#8212;&#8212;&#8212;&#8212;&#8212;&#8212;&#8212;&#8212;&#8212;&#8212;&#8212;&#8212;&#8212;&#8212;&#8212;&#8212;&#8212;&#8212;&#8212;&#8212;&#8212;&#8212;&#8212;&#8212;&#8212;&#8212;&#8212;&#8212;-<\/p>\n<\/div>\n<\/div>\n\n\n\n<details class=\"wp-block-details is-layout-flow wp-block-details-is-layout-flow\"><summary>Connect Root discord p\u00e5 f\u00f8lgene link<\/summary>\n<p><a href=\"https:\/\/discord.gg\/P6pgSRz3Eg\">https:\/\/discord.gg\/P6pgSRz3Eg<\/a><\/p>\n<\/details>\n\n\n\n<div class=\"wp-block-group is-vertical is-layout-flex wp-container-core-group-is-layout-8cf370e7 wp-block-group-is-layout-flex\">\n<p><strong>der forefindes admins p\u00e5 kanalen hvis der skulle opst\u00e5 problemer af nogen art.<\/strong> enjoy<strong> \ud83d\ude09<\/strong><\/p>\n\n\n\n<p><strong>m\u00e5ske vi ses til games?.. husk root er meget mere end blot en cs clan men et spil forum<\/strong><\/p>\n<\/div>\n\n\n\n<p><\/p>\n","protected":false},"excerpt":{"rendered":"<p>discord regler: 1: Brug din sunde fornuft 2: Tal P\u00e6nt (hold den gode tone) 3: St\u00f8dende, Perverse og offensive brugernavne er IKKE tilladt. 4: St\u00f8dende og pornografiske billeder er IKKE tilladt uden 5: Ingen chat\/mic spam og hoppen fra kanal til kanal. 6: Reklame for andre discord-servere eller tjenester er IKKE tilladt. (ogs\u00e5 i Pb [&hellip;]<\/p>\n","protected":false},"author":2,"featured_media":0,"parent":0,"menu_order":0,"comment_status":"closed","ping_status":"closed","template":"","meta":{"_bbp_topic_count":0,"_bbp_reply_count":0,"_bbp_total_topic_count":0,"_bbp_total_reply_count":0,"_bbp_voice_count":0,"_bbp_anonymous_reply_count":0,"_bbp_topic_count_hidden":0,"_bbp_reply_count_hidden":0,"_bbp_forum_subforum_count":0,"ocean_post_layout":"","ocean_both_sidebars_style":"","ocean_both_sidebars_content_width":0,"ocean_both_sidebars_sidebars_width":0,"ocean_sidebar":"","ocean_second_sidebar":"","ocean_disable_margins":"enable","ocean_add_body_class":"","ocean_shortcode_before_top_bar":"","ocean_shortcode_after_top_bar":"","ocean_shortcode_before_header":"","ocean_shortcode_after_header":"","ocean_has_shortcode":"","ocean_shortcode_after_title":"","ocean_shortcode_before_footer_widgets":"","ocean_shortcode_after_footer_widgets":"","ocean_shortcode_before_footer_bottom":"","ocean_shortcode_after_footer_bottom":"","ocean_display_top_bar":"default","ocean_display_header":"default","ocean_header_style":"","ocean_center_header_left_menu":"","ocean_custom_header_template":"","ocean_custom_logo":0,"ocean_custom_retina_logo":0,"ocean_custom_logo_max_width":0,"ocean_custom_logo_tablet_max_width":0,"ocean_custom_logo_mobile_max_width":0,"ocean_custom_logo_max_height":0,"ocean_custom_logo_tablet_max_height":0,"ocean_custom_logo_mobile_max_height":0,"ocean_header_custom_menu":"","ocean_menu_typo_font_family":"","ocean_menu_typo_font_subset":"","ocean_menu_typo_font_size":0,"ocean_menu_typo_font_size_tablet":0,"ocean_menu_typo_font_size_mobile":0,"ocean_menu_typo_font_size_unit":"px","ocean_menu_typo_font_weight":"","ocean_menu_typo_font_weight_tablet":"","ocean_menu_typo_font_weight_mobile":"","ocean_menu_typo_transform":"","ocean_menu_typo_transform_tablet":"","ocean_menu_typo_transform_mobile":"","ocean_menu_typo_line_height":0,"ocean_menu_typo_line_height_tablet":0,"ocean_menu_typo_line_height_mobile":0,"ocean_menu_typo_line_height_unit":"","ocean_menu_typo_spacing":0,"ocean_menu_typo_spacing_tablet":0,"ocean_menu_typo_spacing_mobile":0,"ocean_menu_typo_spacing_unit":"","ocean_menu_link_color":"","ocean_menu_link_color_hover":"","ocean_menu_link_color_active":"","ocean_menu_link_background":"","ocean_menu_link_hover_background":"","ocean_menu_link_active_background":"","ocean_menu_social_links_bg":"","ocean_menu_social_hover_links_bg":"","ocean_menu_social_links_color":"","ocean_menu_social_hover_links_color":"","ocean_disable_title":"default","ocean_disable_heading":"default","ocean_post_title":"","ocean_post_subheading":"","ocean_post_title_style":"","ocean_post_title_background_color":"","ocean_post_title_background":0,"ocean_post_title_bg_image_position":"","ocean_post_title_bg_image_attachment":"","ocean_post_title_bg_image_repeat":"","ocean_post_title_bg_image_size":"","ocean_post_title_height":0,"ocean_post_title_bg_overlay":0.5,"ocean_post_title_bg_overlay_color":"","ocean_disable_breadcrumbs":"default","ocean_breadcrumbs_color":"","ocean_breadcrumbs_separator_color":"","ocean_breadcrumbs_links_color":"","ocean_breadcrumbs_links_hover_color":"","ocean_display_footer_widgets":"default","ocean_display_footer_bottom":"default","ocean_custom_footer_template":"","footnotes":""},"class_list":["post-331","page","type-page","status-publish","hentry","entry"],"_links":{"self":[{"href":"https:\/\/www.galgehoej.dk\/index.php\/wp-json\/wp\/v2\/pages\/331","targetHints":{"allow":["GET"]}}],"collection":[{"href":"https:\/\/www.galgehoej.dk\/index.php\/wp-json\/wp\/v2\/pages"}],"about":[{"href":"https:\/\/www.galgehoej.dk\/index.php\/wp-json\/wp\/v2\/types\/page"}],"author":[{"embeddable":true,"href":"https:\/\/www.galgehoej.dk\/index.php\/wp-json\/wp\/v2\/users\/2"}],"replies":[{"embeddable":true,"href":"https:\/\/www.galgehoej.dk\/index.php\/wp-json\/wp\/v2\/comments?post=331"}],"version-history":[{"count":8,"href":"https:\/\/www.galgehoej.dk\/index.php\/wp-json\/wp\/v2\/pages\/331\/revisions"}],"predecessor-version":[{"id":359,"href":"https:\/\/www.galgehoej.dk\/index.php\/wp-json\/wp\/v2\/pages\/331\/revisions\/359"}],"wp:attachment":[{"href":"https:\/\/www.galgehoej.dk\/index.php\/wp-json\/wp\/v2\/media?parent=331"}],"curies":[{"name":"wp","href":"https:\/\/api.w.org\/{rel}","templated":true}]}}